{"id":8,"date":"2024-01-13T12:03:01","date_gmt":"2024-01-13T11:03:01","guid":{"rendered":"https:\/\/ap.webmasterki.pl\/?page_id=8"},"modified":"2024-04-10T14:05:53","modified_gmt":"2024-04-10T12:05:53","slug":"strona-glowna","status":"publish","type":"page","link":"https:\/\/ap.webmasterki.pl\/index.php\/strona-glowna\/","title":{"rendered":"Strona G\u0142\u00f3wna"},"content":{"rendered":"\n<div class=\"wp-block-group alignfull has-global-padding is-layout-constrained wp-block-group-is-layout-constrained\">\n<div class=\"wp-block-cover alignfull is-light\" style=\"margin-top:0;margin-bottom:0\"><span aria-hidden=\"true\" class=\"wp-block-cover__background has-background-dim-0 has-background-dim\"><\/span><img loading=\"lazy\" decoding=\"async\" width=\"1024\" height=\"439\" class=\"wp-block-cover__image-background wp-image-89\" alt=\"\" src=\"https:\/\/ap.webmasterki.pl\/wp-content\/uploads\/2024\/03\/female-freelancer-working-with-mock-up-laptop-tablet-painting-tools-while-briefing-with-customer-1-1024x439.jpg\" data-object-fit=\"cover\" srcset=\"https:\/\/ap.webmasterki.pl\/wp-content\/uploads\/2024\/03\/female-freelancer-working-with-mock-up-laptop-tablet-painting-tools-while-briefing-with-customer-1-1024x439.jpg 1024w, https:\/\/ap.webmasterki.pl\/wp-content\/uploads\/2024\/03\/female-freelancer-working-with-mock-up-laptop-tablet-painting-tools-while-briefing-with-customer-1-300x129.jpg 300w, https:\/\/ap.webmasterki.pl\/wp-content\/uploads\/2024\/03\/female-freelancer-working-with-mock-up-laptop-tablet-painting-tools-while-briefing-with-customer-1-768x329.jpg 768w, https:\/\/ap.webmasterki.pl\/wp-content\/uploads\/2024\/03\/female-freelancer-working-with-mock-up-laptop-tablet-painting-tools-while-briefing-with-customer-1-1536x658.jpg 1536w, https:\/\/ap.webmasterki.pl\/wp-content\/uploads\/2024\/03\/female-freelancer-working-with-mock-up-laptop-tablet-painting-tools-while-briefing-with-customer-1.jpg 2000w\" sizes=\"auto, (max-width: 1024px) 100vw, 1024px\" \/><div class=\"wp-block-cover__inner-container is-layout-flow wp-container-core-cover-is-layout-7c43e52d wp-block-cover-is-layout-flow\">\n<div class=\"wp-block-group has-global-padding is-layout-constrained wp-block-group-is-layout-constrained\" style=\"padding-top:var(--wp--preset--spacing--50);padding-bottom:var(--wp--preset--spacing--50)\">\n<div class=\"wp-block-columns is-layout-flex wp-container-core-columns-is-layout-28f84493 wp-block-columns-is-layout-flex\">\n<div class=\"wp-block-column is-layout-flow wp-block-column-is-layout-flow\">\n<div class=\"wp-block-group has-global-padding is-layout-constrained wp-container-core-group-is-layout-50705510 wp-block-group-is-layout-constrained\">\n<div class=\"wp-block-group has-contrast-3-background-color has-background has-global-padding is-layout-constrained wp-container-core-group-is-layout-21b780dc wp-block-group-is-layout-constrained\" style=\"padding-top:var(--wp--preset--spacing--40);padding-right:var(--wp--preset--spacing--20);padding-bottom:var(--wp--preset--spacing--40);padding-left:var(--wp--preset--spacing--20)\">\n<p style=\"letter-spacing:4px\">CZAS NA POZYTYWN\u0104 ZMIAN\u0118<\/p>\n\n\n\n<h2 class=\"wp-block-heading\" style=\"text-transform:none\">Rozpocznij transformacj\u0119 twojego biznesu ju\u017c teraz!<\/h2>\n\n\n\n<p>Czy czujesz, \u017ce Tw\u00f3j biznes stoi w miejscu, a Ty gubisz si\u0119 w nat\u0142oku codziennych obowi\u0105zk\u00f3w? Przesta\u0144 si\u0119 m\u0119czy\u0107 i zacznij \u015bwiadomie kierowa\u0107 swoj\u0105 firm\u0105 w kierunku sukcesu. Razem odzyskamy r\u00f3wnowag\u0119, energi\u0119 i pewno\u015b\u0107 siebie, by\u015b mog\u0142a prowadzi\u0107 sw\u00f3j biznes na najwy\u017cszym poziomie.<\/p>\n\n\n\n<div class=\"wp-block-group is-nowrap is-layout-flex wp-container-core-group-is-layout-6c531013 wp-block-group-is-layout-flex\">\n<div class=\"wp-block-buttons is-nowrap is-layout-flex wp-container-core-buttons-is-layout-6c531013 wp-block-buttons-is-layout-flex\">\n<div class=\"wp-block-button\"><a class=\"wp-block-button__link wp-element-button\">Sprawd\u017a!<\/a><\/div>\n<\/div>\n<\/div>\n<\/div>\n<\/div>\n<\/div>\n\n\n\n<div class=\"wp-block-column is-layout-flow wp-block-column-is-layout-flow\"><\/div>\n<\/div>\n<\/div>\n<\/div><\/div>\n\n\n\n<div class=\"wp-block-group alignfull has-base-2-background-color has-background has-global-padding is-layout-constrained wp-container-core-group-is-layout-dd610511 wp-block-group-is-layout-constrained\" style=\"margin-top:0;margin-bottom:0;padding-top:var(--wp--preset--spacing--50);padding-right:var(--wp--preset--spacing--10);padding-bottom:var(--wp--preset--spacing--50);padding-left:var(--wp--preset--spacing--10)\">\n<h2 class=\"wp-block-heading\">Coaching kontrolny<\/h2>\n\n\n\n<p>(Accountability coaching) to proces wsparcia, w kt\u00f3rym coach pomaga klientowi w utrzymaniu odpowiedzialno\u015bci za osi\u0105gni\u0119cie swoich cel\u00f3w i realizacj\u0119 dzia\u0142a\u0144 wymaganych do ich osi\u0105gni\u0119cia. W ramach tego procesu coach pomaga klientowi okre\u015bli\u0107 cele, opracowa\u0107 plan dzia\u0142ania oraz monitorowa\u0107 post\u0119py. Istot\u0105 accountability coaching jest utrzymanie klienta w odpowiedzialno\u015bci poprzez regularne sprawdzanie post\u0119p\u00f3w, identyfikacj\u0119 ewentualnych przeszk\u00f3d oraz dostarczanie wsparcia i motywacji w d\u0105\u017ceniu do cel\u00f3w.<\/p>\n<\/div>\n\n\n\n<div class=\"wp-block-group alignfull has-contrast-3-background-color has-background has-global-padding is-layout-constrained wp-container-core-group-is-layout-6c68ee4d wp-block-group-is-layout-constrained\" style=\"margin-top:0;margin-bottom:0;padding-top:var(--wp--preset--spacing--50);padding-right:var(--wp--preset--spacing--10);padding-bottom:var(--wp--preset--spacing--50);padding-left:var(--wp--preset--spacing--10)\">\n<div class=\"wp-block-columns is-layout-flex wp-container-core-columns-is-layout-7fc3d43a wp-block-columns-is-layout-flex\">\n<div class=\"wp-block-column is-layout-flow wp-block-column-is-layout-flow\">\n<figure class=\"wp-block-image size-large\"><img loading=\"lazy\" decoding=\"async\" width=\"769\" height=\"1024\" src=\"https:\/\/ap.webmasterki.pl\/wp-content\/uploads\/2024\/03\/anna-pilsniak-praktyk-dzialania-i-osiagania-wyniku-769x1024.jpg\" alt=\"\" class=\"wp-image-44\" srcset=\"https:\/\/ap.webmasterki.pl\/wp-content\/uploads\/2024\/03\/anna-pilsniak-praktyk-dzialania-i-osiagania-wyniku-769x1024.jpg 769w, https:\/\/ap.webmasterki.pl\/wp-content\/uploads\/2024\/03\/anna-pilsniak-praktyk-dzialania-i-osiagania-wyniku-225x300.jpg 225w, https:\/\/ap.webmasterki.pl\/wp-content\/uploads\/2024\/03\/anna-pilsniak-praktyk-dzialania-i-osiagania-wyniku-768x1022.jpg 768w, https:\/\/ap.webmasterki.pl\/wp-content\/uploads\/2024\/03\/anna-pilsniak-praktyk-dzialania-i-osiagania-wyniku-1154x1536.jpg 1154w, https:\/\/ap.webmasterki.pl\/wp-content\/uploads\/2024\/03\/anna-pilsniak-praktyk-dzialania-i-osiagania-wyniku-1539x2048.jpg 1539w, https:\/\/ap.webmasterki.pl\/wp-content\/uploads\/2024\/03\/anna-pilsniak-praktyk-dzialania-i-osiagania-wyniku-scaled.jpg 1923w\" sizes=\"auto, (max-width: 769px) 100vw, 769px\" \/><\/figure>\n<\/div>\n\n\n\n<div class=\"wp-block-column is-vertically-aligned-center is-layout-flow wp-block-column-is-layout-flow\">\n<p style=\"letter-spacing:4px;text-transform:uppercase\">Jestem Anna Pil\u015bniak, Praktyk biznesu<\/p>\n\n\n\n<h2 class=\"wp-block-heading\">Moj\u0105 misj\u0105 jest wspieranie Ciebie.<\/h2>\n\n\n\n<p class=\"has-text-align-left\">Jestem kobiet\u0105, kt\u00f3ra kilka lat temu za\u0142o\u017cy\u0142a <a href=\"https:\/\/www.facebook.com\/groups\/631025137023786\">grup\u0119 PJK <\/a>w celu nawi\u0105zywania kontakt\u00f3w i wsp\u00f3\u0142pracy. Dzi\u015b moim celem jest pomoc w rozwoju r\u00f3\u017cnych obszar\u00f3w \u017cycia poprzez praktyczn\u0105 wiedz\u0119 i pozytywn\u0105 energi\u0119. Wspieram aktywne kobiety, chc\u0105ce rozwija\u0107 w\u0142asne biznesy i budowa\u0107 wsp\u00f3lne zespo\u0142y. M\u00f3j autorski program opiera si\u0119 na w\u0142asnych do\u015bwiadczeniach, maj\u0105c na celu zdobycie sukcesu i niezale\u017cno\u015bci finansowej. Oferuj\u0119 wsparcie w obszarach takich jak sprzeda\u017c, komunikacja i planowanie czasu. Je\u015bli chcesz pozna\u0107 histori\u0119 mojego rozwoju oraz skuteczne metody, kt\u00f3re pomog\u0142y mi osi\u0105gn\u0105\u0107 sukces, serdecznie zapraszam na inspiruj\u0105c\u0105 podr\u00f3\u017c przez moje do\u015bwiadczenia!<\/p>\n\n\n\n<div class=\"wp-block-buttons is-layout-flex wp-block-buttons-is-layout-flex\">\n<div class=\"wp-block-button\"><a class=\"wp-block-button__link wp-element-button\">Poznaj mnie!<\/a><\/div>\n<\/div>\n<\/div>\n<\/div>\n<\/div>\n\n\n\n<div class=\"wp-block-group alignfull has-base-2-background-color has-background has-global-padding is-layout-constrained wp-container-core-group-is-layout-7b107b27 wp-block-group-is-layout-constrained\" style=\"margin-top:0;margin-bottom:0;padding-top:var(--wp--preset--spacing--50);padding-right:var(--wp--preset--spacing--10);padding-bottom:var(--wp--preset--spacing--50);padding-left:var(--wp--preset--spacing--10)\">\n<p class=\"has-text-align-center\" style=\"letter-spacing:4px;text-transform:uppercase\">Droga do biznesu<\/p>\n\n\n\n<h2 class=\"wp-block-heading has-text-align-center\">Osi\u0105gnij sukces szybciej z&nbsp;moj\u0105 pomoc\u0105!<\/h2>\n\n\n\n<p>Czy marzysz o dynamicznym rozwoju w biznesie i \u017cyciu osobistym? Przygotuj si\u0119 na podr\u00f3\u017c pe\u0142n\u0105 osi\u0105gni\u0119\u0107 i spe\u0142nienia. Razem odkryjemy Twoje ukryte mo\u017cliwo\u015bci i pomo\u017cemy Ci przeku\u0107 je w sukces.<\/p>\n\n\n\n<div class=\"wp-block-columns are-vertically-aligned-center is-layout-flex wp-container-core-columns-is-layout-658170e2 wp-block-columns-is-layout-flex\">\n<div class=\"wp-block-column is-vertically-aligned-center is-layout-flow wp-container-core-column-is-layout-22223934 wp-block-column-is-layout-flow\">\n<figure class=\"wp-block-image aligncenter size-large is-resized\"><img loading=\"lazy\" decoding=\"async\" width=\"200\" height=\"200\" src=\"https:\/\/ap.webmasterki.pl\/wp-content\/uploads\/2024\/04\/consultation.svg\" alt=\"\" class=\"wp-image-134\" style=\"width:96px\"\/><\/figure>\n\n\n\n<h3 class=\"wp-block-heading has-text-align-center\">Konsultacja <\/h3>\n\n\n\n<div class=\"wp-block-group is-content-justification-center is-nowrap is-layout-flex wp-container-core-group-is-layout-23441af8 wp-block-group-is-layout-flex\">\n<div class=\"wp-block-buttons is-nowrap is-layout-flex wp-container-core-buttons-is-layout-6c531013 wp-block-buttons-is-layout-flex\">\n<div class=\"wp-block-button\"><a class=\"wp-block-button__link wp-element-button\">Sprawd\u017a!<\/a><\/div>\n<\/div>\n<\/div>\n<\/div>\n\n\n\n<div class=\"wp-block-column is-vertically-aligned-center is-layout-flow wp-container-core-column-is-layout-22223934 wp-block-column-is-layout-flow\">\n<figure class=\"wp-block-image aligncenter size-large is-resized\"><img loading=\"lazy\" decoding=\"async\" width=\"25\" height=\"25\" src=\"https:\/\/ap.webmasterki.pl\/wp-content\/uploads\/2024\/04\/teaching.svg\" alt=\"\" class=\"wp-image-135\" style=\"width:96px\"\/><\/figure>\n\n\n\n<h3 class=\"wp-block-heading has-text-align-center\">Program 90 dni<\/h3>\n\n\n\n<div class=\"wp-block-group is-content-justification-center is-nowrap is-layout-flex wp-container-core-group-is-layout-23441af8 wp-block-group-is-layout-flex\">\n<div class=\"wp-block-buttons is-nowrap is-layout-flex wp-container-core-buttons-is-layout-6c531013 wp-block-buttons-is-layout-flex\">\n<div class=\"wp-block-button\"><a class=\"wp-block-button__link wp-element-button\">Sprawd\u017a!<\/a><\/div>\n<\/div>\n<\/div>\n<\/div>\n\n\n\n<div class=\"wp-block-column is-vertically-aligned-center is-layout-flow wp-container-core-column-is-layout-22223934 wp-block-column-is-layout-flow\">\n<figure class=\"wp-block-image aligncenter size-large is-resized\"><img loading=\"lazy\" decoding=\"async\" width=\"200\" height=\"197\" src=\"https:\/\/ap.webmasterki.pl\/wp-content\/uploads\/2024\/04\/online-ssd1.svg\" alt=\"\" class=\"wp-image-146\" style=\"width:96px\"\/><\/figure>\n\n\n\n<h3 class=\"wp-block-heading has-text-align-center\">Szkolenie na lajva<\/h3>\n\n\n\n<div class=\"wp-block-group is-content-justification-center is-nowrap is-layout-flex wp-container-core-group-is-layout-23441af8 wp-block-group-is-layout-flex\">\n<div class=\"wp-block-buttons is-nowrap is-layout-flex wp-container-core-buttons-is-layout-6c531013 wp-block-buttons-is-layout-flex\">\n<div class=\"wp-block-button\"><a class=\"wp-block-button__link wp-element-button\">Sprawd\u017a!<\/a><\/div>\n<\/div>\n<\/div>\n<\/div>\n\n\n\n<div class=\"wp-block-column is-vertically-aligned-center is-layout-flow wp-container-core-column-is-layout-22223934 wp-block-column-is-layout-flow\">\n<figure class=\"wp-block-image aligncenter size-large is-resized\"><img loading=\"lazy\" decoding=\"async\" width=\"200\" height=\"200\" src=\"https:\/\/ap.webmasterki.pl\/wp-content\/uploads\/2024\/04\/briefcase.svg\" alt=\"\" class=\"wp-image-147\" style=\"width:96px\"\/><\/figure>\n\n\n\n<h3 class=\"wp-block-heading has-text-align-center\">Biznes Online<\/h3>\n\n\n\n<div class=\"wp-block-group is-content-justification-center is-nowrap is-layout-flex wp-container-core-group-is-layout-23441af8 wp-block-group-is-layout-flex\">\n<div class=\"wp-block-buttons is-nowrap is-layout-flex wp-container-core-buttons-is-layout-6c531013 wp-block-buttons-is-layout-flex\">\n<div class=\"wp-block-button\"><a class=\"wp-block-button__link wp-element-button\">Sprawd\u017a!<\/a><\/div>\n<\/div>\n<\/div>\n<\/div>\n\n\n\n<div class=\"wp-block-column is-vertically-aligned-center is-layout-flow wp-container-core-column-is-layout-22223934 wp-block-column-is-layout-flow\">\n<figure class=\"wp-block-image aligncenter size-large is-resized\"><img loading=\"lazy\" decoding=\"async\" width=\"200\" height=\"192\" src=\"https:\/\/ap.webmasterki.pl\/wp-content\/uploads\/2024\/04\/global-network1.svg\" alt=\"\" class=\"wp-image-149\" style=\"width:96px\"\/><\/figure>\n\n\n\n<h3 class=\"wp-block-heading has-text-align-center\">Networking<\/h3>\n\n\n\n<div class=\"wp-block-group is-content-justification-center is-nowrap is-layout-flex wp-container-core-group-is-layout-23441af8 wp-block-group-is-layout-flex\">\n<div class=\"wp-block-buttons is-nowrap is-layout-flex wp-container-core-buttons-is-layout-6c531013 wp-block-buttons-is-layout-flex\">\n<div class=\"wp-block-button\"><a class=\"wp-block-button__link wp-element-button\">Sprawd\u017a!<\/a><\/div>\n<\/div>\n<\/div>\n<\/div>\n<\/div>\n<\/div>\n<\/div>\n\n\n\n<div class=\"wp-block-group alignfull has-global-padding is-layout-constrained wp-container-core-group-is-layout-b4827588 wp-block-group-is-layout-constrained\" style=\"padding-top:var(--wp--preset--spacing--50);padding-bottom:var(--wp--preset--spacing--50)\">\n<h2 class=\"wp-block-heading\">Kilka s\u0142\u00f3w od moich klient\u00f3w<\/h2>\n<\/div>\n","protected":false},"excerpt":{"rendered":"<p>Coaching kontrolny (Accountability coaching) to proces wsparcia, w kt\u00f3rym coach pomaga klientowi w utrzymaniu odpowiedzialno\u015bci za osi\u0105gni\u0119cie swoich cel\u00f3w i realizacj\u0119 dzia\u0142a\u0144 wymaganych do ich osi\u0105gni\u0119cia. W ramach tego procesu coach pomaga klientowi okre\u015bli\u0107 cele, opracowa\u0107 plan dzia\u0142ania oraz monitorowa\u0107 post\u0119py. Istot\u0105 accountability coaching jest utrzymanie klienta w odpowiedzialno\u015bci poprzez regularne sprawdzanie post\u0119p\u00f3w, identyfikacj\u0119 ewentualnych [&hellip;]<\/p>\n","protected":false},"author":1,"featured_media":0,"parent":0,"menu_order":0,"comment_status":"closed","ping_status":"closed","template":"","meta":{"_gspb_post_css":"","footnotes":""},"class_list":["post-8","page","type-page","status-publish","hentry"],"_links":{"self":[{"href":"https:\/\/ap.webmasterki.pl\/index.php\/wp-json\/wp\/v2\/pages\/8","targetHints":{"allow":["GET"]}}],"collection":[{"href":"https:\/\/ap.webmasterki.pl\/index.php\/wp-json\/wp\/v2\/pages"}],"about":[{"href":"https:\/\/ap.webmasterki.pl\/index.php\/wp-json\/wp\/v2\/types\/page"}],"author":[{"embeddable":true,"href":"https:\/\/ap.webmasterki.pl\/index.php\/wp-json\/wp\/v2\/users\/1"}],"replies":[{"embeddable":true,"href":"https:\/\/ap.webmasterki.pl\/index.php\/wp-json\/wp\/v2\/comments?post=8"}],"version-history":[{"count":41,"href":"https:\/\/ap.webmasterki.pl\/index.php\/wp-json\/wp\/v2\/pages\/8\/revisions"}],"predecessor-version":[{"id":150,"href":"https:\/\/ap.webmasterki.pl\/index.php\/wp-json\/wp\/v2\/pages\/8\/revisions\/150"}],"wp:attachment":[{"href":"https:\/\/ap.webmasterki.pl\/index.php\/wp-json\/wp\/v2\/media?parent=8"}],"curies":[{"name":"wp","href":"https:\/\/api.w.org\/{rel}","templated":true}]}}